{"id":515,"date":"2017-02-06T06:48:29","date_gmt":"2017-02-06T06:48:29","guid":{"rendered":"http:\/\/localhost\/finance\/?page_id=515"},"modified":"2026-03-17T16:49:56","modified_gmt":"2026-03-17T16:49:56","slug":"hakkimizda","status":"publish","type":"page","link":"https:\/\/istmarinfuel.com\/en\/hakkimizda\/","title":{"rendered":"About Us"},"content":{"rendered":"<div class=\"wpb-content-wrapper\"><div class=\"vc_row wpb_row vc_row-fluid\"><div class=\"wpb_column vc_column_container vc_col-sm-12\"><div class=\"vc_column-inner\"><div class=\"wpb_wrapper\"><div class=\"vc_empty_space\"   style=\"height: 50px\"><span class=\"vc_empty_space_inner\"><\/span><\/div><\/div><\/div><\/div><\/div><div data-vc-full-width=\"true\" data-vc-full-width-init=\"false\" data-vc-stretch-content=\"true\" class=\"vc_row wpb_row vc_row-fluid vc_row-has-fill vc_row-no-padding vc_row-o-content-middle vc_row-flex\"><div class=\"wpb_column vc_column_container vc_col-sm-6\"><div class=\"vc_column-inner vc_custom_1751971019960\"><div class=\"wpb_wrapper\">\n\t<div class=\"wpb_text_column wpb_content_element\" >\n\t\t<div class=\"wpb_wrapper\">\n\t\t\t<div id=\"bgLayers_comp-kyx1c6vd\" class=\"MW5IWV\" data-hook=\"bgLayers\" data-motion-part=\"BG_LAYER comp-kyx1c6vd\">\n<div id=\"bgMedia_comp-kyx1c6vd\" class=\"VgO9Yg\" data-motion-part=\"BG_MEDIA comp-kyx1c6vd\"><\/div>\n<\/div>\n<div class=\"\" data-mesh-id=\"comp-kyx1c6vdinlineContent\" data-testid=\"inline-content\">\n<div data-mesh-id=\"comp-kyx1c6vdinlineContent-gridContainer\" data-testid=\"mesh-container-content\">\n<div id=\"comp-kyx1c6vg\" class=\"Z_l5lU ku3DBC zQ9jDz qvSjx3 Vq6kJx comp-kyx1c6vg wixui-rich-text\" data-testid=\"richTextElement\" data-motion-enter=\"done\">\n<h2 class=\"font_2 wixui-rich-text__text\"><span class=\"wixui-rich-text__text\"><img loading=\"lazy\" decoding=\"async\" class=\"alignnone wp-image-1936\" src=\"https:\/\/istmarinfuel.com\/wp-content\/uploads\/2025\/07\/try3.png\" alt=\"\" width=\"32\" height=\"32\" \/> About Us<\/span><\/h2>\n<p>&nbsp;\n<\/p><\/div>\n<\/div>\n<\/div>\n<p>Operating in the field of high-quality marine fuel supply, Istanbul Marin Denizcilik Yak\u0131tlar\u0131 A.\u015e. was established in 2022 with 100% capital from Istanbul Jet Havac\u0131l\u0131k ve Yak\u0131t Hizmetleri A.\u015e. With its experienced staff and strong reference network, Istanbul Marin offers fast, reliable, and high-quality marine fuel supply to its customers on both local and global scales.<\/p>\n<p>Our company, which provides services in cabotage areas in the Mediterranean, Black Sea, Marmara, Aegean regions and Persian Gulf has extended its services to international maritime transportation with the Fuel Supply License obtained in 2024. Thanks to this license, it offers its services, previously provided to Turkish-flagged vessels in Turkey, also to foreign-flagged vessels in transit abroad. Within this scope, Istanbul Marin carries out the sale of diesel, lubricants, and other marine fuel types exempt from SCT (Special Consumption Tax) and VAT (Value Added Tax).<\/p>\n<p>Representing Turkey's strength in the global maritime sector, Istanbul Marin Denizcilik Yak\u0131tlar\u0131 A.\u015e. continues to be a reliable business partner for its domestic and international customers with its 24\/7 service approach, high-quality standards, and customer-oriented solutions.<\/p>\n\n\t\t<\/div>\n\t<\/div>\n<\/div><\/div><\/div><div class=\"wpb_column vc_column_container vc_col-sm-6\"><div class=\"vc_column-inner\"><div class=\"wpb_wrapper\">\n\t<div class=\"wpb_raw_code wpb_raw_html wpb_content_element\" >\n\t\t<div class=\"wpb_wrapper\">\n\t\t\t<style>\n  .video-row-wrapper {\n    position: relative;\n    width: 100%;\n    height: 500px;\n    overflow: visible;\n    display: flex;\n    justify-content: flex-end;\n    padding-left: 100px;\n  }\n\n  .video-row {\n    position: relative;\n    width: 70%;\n    height: 100%;\n    overflow: hidden;\n    z-index: 1;\n  }\n\n  .video-row video {\n    position: absolute;\n    top: 50%;\n    left: 45%;\n    width: 90%;\n    height: 100%;\n    transform: translate(-50%, -50%);\n    object-fit: cover;\n    z-index: 1;\n    border-radius: 18px;\n  }\n\n  .overlay-image {\n    position: absolute;\n    top: 50%;\n    left: calc(30% - 120px); \/* Video row'un soluna g\u00f6re hesapland\u0131 *\/\n    transform: translateY(-50%);\n    width: auto;\n    max-width: 300px;\n    z-index: 2;\n    border-radius: 20px;\n    box-shadow: 0 4px 4px rgba(0,0,0,0.3);\n  }\n\n  @media (max-width: 768px) {\n    .video-row-wrapper {\n      height: 300px;\n      padding-left: 10px;\n    }\n\n    .overlay-image {\n      max-width: 180px;\n      left: calc(30% - 60px);\n      border-radius: 12px;\n    }\n  }\n<\/style>\n\n<div class=\"video-row-wrapper\">\n  <!-- G\u00f6rsel \u00f6nce geliyor ki \u00fcstte dursun -->\n  <img decoding=\"async\" src=\"https:\/\/istmarinfuel.com\/wp-content\/uploads\/2025\/07\/172537049.avif\" alt=\"G\u00f6rsel\" class=\"overlay-image\">\n\n  <div class=\"video-row\">\n    <video autoplay muted loop playsinline>\n      <source src=\"https:\/\/istmarinfuel.com\/wp-content\/uploads\/2025\/07\/sag.mp4\" type=\"video\/mp4\">\n      Taray\u0131c\u0131n\u0131z video etiketini desteklemiyor.\n    <\/video>\n  <\/div>\n<\/div>\n\t\t<\/div>\n\t<\/div>\n<\/div><\/div><\/div><\/div><div class=\"vc_row-full-width vc_clearfix\"><\/div><div class=\"vc_row wpb_row vc_row-fluid\"><div class=\"wpb_column vc_column_container vc_col-sm-12\"><div class=\"vc_column-inner\"><div class=\"wpb_wrapper\"><div class=\"vc_empty_space\"   style=\"height: 50px\"><span class=\"vc_empty_space_inner\"><\/span><\/div><\/div><\/div><\/div><\/div><div class=\"vc_row wpb_row vc_row-fluid\"><div class=\"wpb_column vc_column_container vc_col-sm-12\"><div class=\"vc_column-inner\"><div class=\"wpb_wrapper\"><div class=\"vc_empty_space\"   style=\"height: 50px\"><span class=\"vc_empty_space_inner\"><\/span><\/div><\/div><\/div><\/div><\/div><div id=\"hizmet-limanlar\u0131m\u0131z\" data-vc-full-width=\"true\" data-vc-full-width-init=\"false\" data-vc-stretch-content=\"true\" class=\"vc_row wpb_row vc_row-fluid vc_custom_1753342579293 vc_row-has-fill vc_row-o-content-middle vc_row-flex\"><div class=\"wpb_column vc_column_container vc_col-sm-6\"><div class=\"vc_column-inner\"><div class=\"wpb_wrapper\">\n\t<div class=\"wpb_raw_code wpb_raw_html wpb_content_element\" >\n\t\t<div class=\"wpb_wrapper\">\n\t\t\t<head>\r\n    <style>\r\n        .slider-container {\r\n            position: relative;\r\n            width: 100%;\r\n            max-width: 700px; \/* Slider'\u0131n maksimum geni\u015fli\u011fini ayarlayabilirsiniz *\/\r\n            height: 500px; \/* Slider'\u0131n y\u00fcksekli\u011fini ayarlayabilirsiniz *\/\r\n            margin: 0 auto;\r\n            overflow: hidden;\r\n            border-radius: 15px;\r\n            box-shadow: 0 4px 4px rgba(0, 0, 0, 0.5);\r\n        }\r\n\r\n        .slider-image {\r\n            position: absolute;\r\n            top: 0;\r\n            left: 0;\r\n            width: 100%;\r\n            height: 100%;\r\n            object-fit: cover;\r\n            opacity: 0;\r\n            \/* Ge\u00e7i\u015f s\u00fcresi 1 saniye olarak ayarland\u0131 *\/\r\n            transition: opacity 1s ease-in-out; \r\n        }\r\n\r\n        .slider-image.active {\r\n            opacity: 1;\r\n        }\r\n\r\n        \/* Yeni Eklenen: Navigasyon Oklar\u0131 *\/\r\n        .slider-nav {\r\n            position: absolute;\r\n            top: 50%;\r\n            width: 100%;\r\n            display: flex;\r\n            justify-content: space-between;\r\n            transform: translateY(-50%);\r\n            z-index: 10;\r\n            padding: 0 15px;\r\n            box-sizing: border-box;\r\n        }\r\n\r\n        .slider-nav button {\r\n            background-color: rgba(0, 0, 0, 0.5);\r\n            color: white;\r\n            border: none;\r\n            padding: 10px 15px;\r\n            cursor: pointer;\r\n            border-radius: 50%;\r\n            font-size: 1.2em;\r\n            transition: background-color 0.3s ease;\r\n        }\r\n\r\n        .slider-nav button:hover {\r\n            background-color: rgba(0, 0, 0, 0.8);\r\n        }\r\n\r\n        \/* Mobil uyumluluk *\/\r\n        @media (max-width: 768px) {\r\n            .slider-container {\r\n                height: 300px;\r\n            }\r\n        }\r\n    <\/style>\r\n<\/head>\r\n<body>\r\n\r\n<div class=\"slider-container\">\r\n    <img decoding=\"async\" src=\"https:\/\/istmarinfuel.com\/wp-content\/uploads\/2025\/07\/aerial-view-cargo-ship-with-cargo-container-sea-scaled.jpg\" alt=\"Resim 1\" class=\"slider-image active\">\r\n    <img decoding=\"async\" src=\"https:\/\/istmarinfuel.com\/wp-content\/uploads\/2025\/07\/172537049.avif\" alt=\"Resim 2\" class=\"slider-image\">\r\n\r\n    <div class=\"slider-nav\">\r\n        <button id=\"prevBtn\">&#10094;<\/button>\r\n        <button id=\"nextBtn\">&#10095;<\/button>\r\n    <\/div>\r\n<\/div>\r\n\r\n<script>\r\n    const images = document.querySelectorAll('.slider-image');\r\n    let currentImageIndex = 0;\r\n    const displayDuration = 3000; \r\n    const transitionDuration = 1000; \r\n    const slideInterval = displayDuration + transitionDuration; \r\n\r\n    let autoSlideTimer;\r\n\r\n    function showImage(index) {\r\n        images.forEach((img, i) => {\r\n            if (i === index) {\r\n                img.classList.add('active');\r\n            } else {\r\n                img.classList.remove('active');\r\n            }\r\n        });\r\n    }\r\n\r\n    function nextImage() {\r\n        currentImageIndex = (currentImageIndex + 1) % images.length;\r\n        showImage(currentImageIndex);\r\n    }\r\n\r\n    function prevImage() {\r\n        currentImageIndex = (currentImageIndex - 1 + images.length) % images.length;\r\n        showImage(currentImageIndex);\r\n    }\r\n\r\n    function startAutoSlide() {\r\n        \/\/ Zaten bir zamanlay\u0131c\u0131 \u00e7al\u0131\u015f\u0131yorsa \u00f6nce onu durdur. Bu, manuel kontrolden sonra tetiklenirse \u00e7ak\u0131\u015fmay\u0131 \u00f6nler.\r\n        stopAutoSlide(); \r\n        autoSlideTimer = setInterval(nextImage, slideInterval);\r\n    }\r\n\r\n    function stopAutoSlide() {\r\n        clearInterval(autoSlideTimer);\r\n    }\r\n\r\n    \/\/ \u0130lk resmi g\u00f6ster\r\n    showImage(currentImageIndex);\r\n    \/\/ Otomatik kayd\u0131rmay\u0131 ba\u015flat\r\n    startAutoSlide();\r\n\r\n    \/\/ Yeni Eklenen: Navigasyon Oklar\u0131 JavaScript Olay Dinleyicileri\r\n    const prevBtn = document.getElementById('prevBtn');\r\n    const nextBtn = document.getElementById('nextBtn');\r\n\r\n    if (prevBtn && nextBtn) { \/\/ Butonlar\u0131n varl\u0131\u011f\u0131n\u0131 kontrol et\r\n        prevBtn.addEventListener('click', () => {\r\n            stopAutoSlide(); \/\/ Manuel ge\u00e7i\u015fte otomatik kayd\u0131rmay\u0131 durdur\r\n            prevImage();\r\n            startAutoSlide(); \/\/ Tekrar ba\u015flat (ge\u00e7i\u015ften sonra otomatik devam etmesi i\u00e7in)\r\n        });\r\n\r\n        nextBtn.addEventListener('click', () => {\r\n            stopAutoSlide(); \/\/ Manuel ge\u00e7i\u015fte otomatik kayd\u0131rmay\u0131 durdur\r\n            nextImage();\r\n            startAutoSlide(); \/\/ Tekrar ba\u015flat (ge\u00e7i\u015ften sonra otomatik devam etmesi i\u00e7in)\r\n        });\r\n    }\r\n\r\n    \/\/ Fare imleci slider \u00fczerindeyken otomatik kayd\u0131rmay\u0131 durdur\r\n    const sliderContainer = document.querySelector('.slider-container');\r\n    sliderContainer.addEventListener('mouseenter', stopAutoSlide);\r\n    sliderContainer.addEventListener('mouseleave', startAutoSlide);\r\n\r\n<\/script>\r\n\r\n<\/body>\r\n<\/html>\n\t\t<\/div>\n\t<\/div>\n<\/div><\/div><\/div><div class=\"wpb_column vc_column_container vc_col-sm-6\"><div class=\"vc_column-inner vc_custom_1753084227515\"><div class=\"wpb_wrapper\">\n\t<div class=\"wpb_text_column wpb_content_element\" >\n\t\t<div class=\"wpb_wrapper\">\n\t\t\t<div id=\"bgLayers_comp-kyx1c6vd\" class=\"MW5IWV\" data-hook=\"bgLayers\" data-motion-part=\"BG_LAYER comp-kyx1c6vd\">\n<div id=\"bgMedia_comp-kyx1c6vd\" class=\"VgO9Yg\" data-motion-part=\"BG_MEDIA comp-kyx1c6vd\"><\/div>\n<\/div>\n<div class=\"\" data-mesh-id=\"comp-kyx1c6vdinlineContent\" data-testid=\"inline-content\">\n<div data-mesh-id=\"comp-kyx1c6vdinlineContent-gridContainer\" data-testid=\"mesh-container-content\">\n<div id=\"comp-kyx1c6vg\" class=\"Z_l5lU ku3DBC zQ9jDz qvSjx3 Vq6kJx comp-kyx1c6vg wixui-rich-text\" data-testid=\"richTextElement\" data-motion-enter=\"done\">\n<div id=\"bgLayers_comp-kyx3cozv\" class=\"MW5IWV\" data-hook=\"bgLayers\" data-motion-part=\"BG_LAYER comp-kyx3cozv\">\n<div id=\"bgMedia_comp-kyx3cozv\" class=\"VgO9Yg\" data-motion-part=\"BG_MEDIA comp-kyx3cozv\"><\/div>\n<\/div>\n<div class=\"\" data-mesh-id=\"comp-kyx3cozvinlineContent\" data-testid=\"inline-content\">\n<div data-mesh-id=\"comp-kyx3cozvinlineContent-gridContainer\" data-testid=\"mesh-container-content\">\n<div id=\"comp-kyx3cozx1\" class=\"Z_l5lU ku3DBC zQ9jDz qvSjx3 Vq6kJx comp-kyx3cozx1 wixui-rich-text\" data-testid=\"richTextElement\" data-motion-enter=\"done\">\n<h2 class=\"font_2 wixui-rich-text__text\"><img loading=\"lazy\" decoding=\"async\" class=\"alignnone wp-image-1936\" src=\"https:\/\/istmarinfuel.com\/wp-content\/uploads\/2025\/07\/try3.png\" alt=\"\" width=\"32\" height=\"32\" \/> Our Port Services<\/h2>\n<p>&nbsp;\n<\/p><\/div>\n<\/div>\n<\/div>\n<\/div>\n<\/div>\n<\/div>\n<p>Our main goal is to minimize your costs, save you valuable time, and simplify the process!<\/p>\n\n\t\t<\/div>\n\t<\/div>\n<div class=\"vc_empty_space\"   style=\"height: 20px\"><span class=\"vc_empty_space_inner\"><\/span><\/div><div class=\"vc_empty_space\"   style=\"height: 20px\"><span class=\"vc_empty_space_inner\"><\/span><\/div><div class=\"vc_empty_space\"   style=\"height: 20px\"><span class=\"vc_empty_space_inner\"><\/span><\/div><div class=\"vc_empty_space\"   style=\"height: 20px\"><span class=\"vc_empty_space_inner\"><\/span><\/div><div class=\"vc_empty_space\"   style=\"height: 10px\"><span class=\"vc_empty_space_inner\"><\/span><\/div><\/div><\/div><\/div><\/div><div class=\"vc_row-full-width vc_clearfix\"><\/div><div class=\"vc_row wpb_row vc_row-fluid\"><div class=\"wpb_column vc_column_container vc_col-sm-12\"><div class=\"vc_column-inner\"><div class=\"wpb_wrapper\"><div class=\"vc_empty_space\"   style=\"height: 50px\"><span class=\"vc_empty_space_inner\"><\/span><\/div><\/div><\/div><\/div><\/div>\n<\/div>","protected":false},"excerpt":{"rendered":"Hakk\u0131m\u0131zda &nbsp; Y\u00fcksek kaliteli deniz yak\u0131t\u0131 tedariki alan\u0131nda faaliyet g\u00f6steren \u0130stanbul Marin Denizcilik Yak\u0131tlar\u0131 A.\u015e., %100 \u0130stanbul Jet Havac\u0131l\u0131k ve Yak\u0131t Hizmetleri A.\u015e. sermayesiyle 2022 y\u0131l\u0131nda kurulmu\u015ftur. Deneyimli kadrosu ve g\u00fc\u00e7l\u00fc referans a\u011f\u0131yla \u0130stanbul Marin, hem yerel hem de k\u00fcresel \u00f6l\u00e7ekte m\u00fc\u015fterilerine h\u0131zl\u0131, g\u00fcvenilir ve kaliteli deniz yak\u0131t\u0131 temini sunmaktad\u0131r. Akdeniz, [...]","protected":false},"author":1,"featured_media":0,"parent":0,"menu_order":1,"comment_status":"closed","ping_status":"closed","template":"tpl\/page_fullwidth.php","meta":{"footnotes":""},"class_list":["post-515","page","type-page","status-publish","hentry"],"_links":{"self":[{"href":"https:\/\/istmarinfuel.com\/en\/wp-json\/wp\/v2\/pages\/515","targetHints":{"allow":["GET"]}}],"collection":[{"href":"https:\/\/istmarinfuel.com\/en\/wp-json\/wp\/v2\/pages"}],"about":[{"href":"https:\/\/istmarinfuel.com\/en\/wp-json\/wp\/v2\/types\/page"}],"author":[{"embeddable":true,"href":"https:\/\/istmarinfuel.com\/en\/wp-json\/wp\/v2\/users\/1"}],"replies":[{"embeddable":true,"href":"https:\/\/istmarinfuel.com\/en\/wp-json\/wp\/v2\/comments?post=515"}],"version-history":[{"count":111,"href":"https:\/\/istmarinfuel.com\/en\/wp-json\/wp\/v2\/pages\/515\/revisions"}],"predecessor-version":[{"id":2330,"href":"https:\/\/istmarinfuel.com\/en\/wp-json\/wp\/v2\/pages\/515\/revisions\/2330"}],"wp:attachment":[{"href":"https:\/\/istmarinfuel.com\/en\/wp-json\/wp\/v2\/media?parent=515"}],"curies":[{"name":"wp","href":"https:\/\/api.w.org\/{rel}","templated":true}]}}