{"id":2030,"date":"2025-07-23T13:52:44","date_gmt":"2025-07-23T13:52:44","guid":{"rendered":"https:\/\/istmarinfuel.com\/?page_id=2030"},"modified":"2025-07-29T07:39:49","modified_gmt":"2025-07-29T07:39:49","slug":"genel-sozlesme-ve-sartlar","status":"publish","type":"page","link":"https:\/\/istmarinfuel.com\/en\/genel-sozlesme-ve-sartlar\/","title":{"rendered":"Terms &amp; Conditions"},"content":{"rendered":"<div data-wp-interactive=\"core\/file\" class=\"wp-block-file\"><object data-wp-bind--hidden=\"!state.hasPdfPreview\" hidden class=\"wp-block-file__embed\" style=\"width: 100%; height: 600px;\" data=\"https:\/\/istmarinfuel.com\/wp-content\/uploads\/2025\/07\/Genel-Sozlesme-ve-Sartlar-1.pdf\" type=\"application\/pdf\" width=\"300\" height=\"150\" aria-label=\"Embed of Genel S\u00f6zle\u015fme ve \u015eartlar.\"><\/object><a id=\"wp-block-file--media-2063d571-fb95-4569-a4d4-8e59f1fb7ff5\" href=\"https:\/\/istmarinfuel.com\/wp-content\/uploads\/2025\/07\/Genel-Sozlesme-ve-Sartlar-1.pdf\">Terms &amp; Conditions<\/a><a class=\"wp-block-file__button wp-element-button\" href=\"https:\/\/istmarinfuel.com\/wp-content\/uploads\/2025\/07\/Genel-Sozlesme-ve-Sartlar-1.pdf\" download=\"\" aria-describedby=\"wp-block-file--media-2063d571-fb95-4569-a4d4-8e59f1fb7ff5\">\u0130ndir<\/a><\/div>","protected":false},"excerpt":{"rendered":"Genel S\u00f6zle\u015fme ve \u015eartlar\u0130ndir","protected":false},"author":1,"featured_media":0,"parent":0,"menu_order":5,"comment_status":"closed","ping_status":"closed","template":"","meta":{"footnotes":""},"class_list":["post-2030","page","type-page","status-publish","hentry"],"_links":{"self":[{"href":"https:\/\/istmarinfuel.com\/en\/wp-json\/wp\/v2\/pages\/2030","targetHints":{"allow":["GET"]}}],"collection":[{"href":"https:\/\/istmarinfuel.com\/en\/wp-json\/wp\/v2\/pages"}],"about":[{"href":"https:\/\/istmarinfuel.com\/en\/wp-json\/wp\/v2\/types\/page"}],"author":[{"embeddable":true,"href":"https:\/\/istmarinfuel.com\/en\/wp-json\/wp\/v2\/users\/1"}],"replies":[{"embeddable":true,"href":"https:\/\/istmarinfuel.com\/en\/wp-json\/wp\/v2\/comments?post=2030"}],"version-history":[{"count":3,"href":"https:\/\/istmarinfuel.com\/en\/wp-json\/wp\/v2\/pages\/2030\/revisions"}],"predecessor-version":[{"id":2188,"href":"https:\/\/istmarinfuel.com\/en\/wp-json\/wp\/v2\/pages\/2030\/revisions\/2188"}],"wp:attachment":[{"href":"https:\/\/istmarinfuel.com\/en\/wp-json\/wp\/v2\/media?parent=2030"}],"curies":[{"name":"wp","href":"https:\/\/api.w.org\/{rel}","templated":true}]}}