{"id":1804,"date":"2025-07-09T11:06:52","date_gmt":"2025-07-09T11:06:52","guid":{"rendered":"https:\/\/istmarinfuel.com\/?page_id=1804"},"modified":"2026-03-17T16:51:09","modified_gmt":"2026-03-17T16:51:09","slug":"deniz-yaglari","status":"publish","type":"page","link":"https:\/\/istmarinfuel.com\/en\/deniz-yaglari\/","title":{"rendered":"Marine Lubricant"},"content":{"rendered":"<div class=\"wpb-content-wrapper\"><div data-vc-full-width=\"true\" data-vc-full-width-init=\"false\" class=\"vc_row wpb_row vc_row-fluid vc_custom_1753700413543 vc_row-has-fill vc_row-o-full-height vc_row-o-columns-middle vc_row-flex\"><div class=\"wpb_column vc_column_container vc_col-sm-12\"><div class=\"vc_column-inner\"><div class=\"wpb_wrapper\">\n\t<div class=\"wpb_text_column wpb_content_element\" >\n\t\t<div class=\"wpb_wrapper\">\n\t\t\t<div id=\"bgLayers_comp-kt6seemm2\" class=\"MW5IWV\" data-hook=\"bgLayers\" data-motion-part=\"BG_LAYER comp-kt6seemm2\">\n<h1 id=\"bgMedia_comp-kt6seemm2\" class=\"VgO9Yg\" style=\"color: white;\" data-motion-part=\"BG_MEDIA comp-kt6seemm2\"><span style=\"color: #ffffff;\">Marine Lubricant<\/span><\/h1>\n<p><span style=\"color: #ffffff;\">New Generation High-Performance Marine Oils<\/span><\/div>\n\n\t\t<\/div>\n\t<\/div>\n<div class=\"vc_empty_space\"   style=\"height: 32px\"><span class=\"vc_empty_space_inner\"><\/span><\/div><div class=\"vc_btn3-container  deniz-buton vc_btn3-left vc_do_btn\" ><button style=\"background-color:#00AEEF; color:#FFFFFF;\" class=\"vc_general vc_btn3 vc_btn3-size-md vc_btn3-shape-rounded vc_btn3-style-custom\">CALL US<\/button><\/div><\/div><\/div><\/div><\/div><div class=\"vc_row-full-width vc_clearfix\"><\/div><div class=\"vc_row wpb_row vc_row-fluid\"><div class=\"wpb_column vc_column_container vc_col-sm-12\"><div class=\"vc_column-inner\"><div class=\"wpb_wrapper\"><div class=\"vc_empty_space\"   style=\"height: 50px\"><span class=\"vc_empty_space_inner\"><\/span><\/div><\/div><\/div><\/div><\/div><div data-vc-full-width=\"true\" data-vc-full-width-init=\"false\" data-vc-stretch-content=\"true\" class=\"vc_row wpb_row vc_row-fluid vc_row-has-fill vc_row-no-padding vc_row-o-content-middle vc_row-flex\"><div class=\"wpb_column vc_column_container vc_col-sm-6\"><div class=\"vc_column-inner vc_custom_1751971019960\"><div class=\"wpb_wrapper\">\n\t<div class=\"wpb_text_column wpb_content_element\" >\n\t\t<div class=\"wpb_wrapper\">\n\t\t\t<div id=\"bgLayers_comp-kyx1c6vd\" class=\"MW5IWV\" data-hook=\"bgLayers\" data-motion-part=\"BG_LAYER comp-kyx1c6vd\">\n<p>We provide the supply of marine oils produced with high-performance base oils and state-of-the-art additives, exempt from SCT and VAT.\n<\/p><\/div>\n\n\t\t<\/div>\n\t<\/div>\n<div class=\"vc_empty_space\"   style=\"height: 32px\"><span class=\"vc_empty_space_inner\"><\/span><\/div><div class=\"vc_empty_space\"   style=\"height: 32px\"><span class=\"vc_empty_space_inner\"><\/span><\/div><\/div><\/div><\/div><div class=\"wpb_column vc_column_container vc_col-sm-6\"><div class=\"vc_column-inner\"><div class=\"wpb_wrapper\">\n\t<div class=\"wpb_raw_code wpb_raw_html wpb_content_element\" >\n\t\t<div class=\"wpb_wrapper\">\n\t\t\t<style>\n  .video-row-wrapper {\n    position: relative;\n    width: 100%;\n    height: 500px;\n    overflow: visible;\n    display: flex;\n    justify-content: flex-end;\n    padding-left: 100px;\n  }\n\n  .video-row {\n    position: relative;\n    width: 70%;\n    height: 100%;\n    overflow: hidden;\n    z-index: 1;\n  }\n\n  .video-row video {\n    position: absolute;\n    top: 50%;\n    left: 45%;\n    width: 90%;\n    height: 100%;\n    transform: translate(-50%, -50%);\n    object-fit: cover;\n    z-index: 1;\n    border-radius: 18px;\n  }\n\n  .overlay-image {\n    position: absolute;\n    top: 50%;\n    left: calc(30% - 120px); \/* Video row'un soluna g\u00f6re hesapland\u0131 *\/\n    transform: translateY(-50%);\n    width: auto;\n    max-width: 300px;\n    z-index: 2;\n    border-radius: 20px;\n    box-shadow: 0 4px 4px rgba(0,0,0,0.3);\n  }\n\n  @media (max-width: 768px) {\n    .video-row-wrapper {\n      height: 300px;\n      padding-left: 10px;\n    }\n\n    .overlay-image {\n      max-width: 180px;\n      left: calc(30% - 60px);\n      border-radius: 12px;\n    }\n  }\n<\/style>\n\n<div class=\"video-row-wrapper\">\n  <!-- G\u00f6rsel \u00f6nce geliyor ki \u00fcstte dursun -->\n  <img decoding=\"async\" src=\"https:\/\/istmarinfuel.com\/wp-content\/uploads\/2025\/07\/deniz-yakitlari-mini.jpg\" alt=\"G\u00f6rsel\" class=\"overlay-image\">\n\n  <div class=\"video-row\">\n    <video autoplay muted loop playsinline>\n      <source src=\"https:\/\/istmarinfuel.com\/wp-content\/uploads\/2025\/07\/sag.mp4\" type=\"video\/mp4\">\n      Taray\u0131c\u0131n\u0131z video etiketini desteklemiyor.\n    <\/video>\n  <\/div>\n<\/div>\n\t\t<\/div>\n\t<\/div>\n<\/div><\/div><\/div><\/div><div class=\"vc_row-full-width vc_clearfix\"><\/div><div class=\"vc_row wpb_row vc_row-fluid\"><div class=\"wpb_column vc_column_container vc_col-sm-12\"><div class=\"vc_column-inner\"><div class=\"wpb_wrapper\"><div class=\"vc_empty_space\"   style=\"height: 50px\"><span class=\"vc_empty_space_inner\"><\/span><\/div><\/div><\/div><\/div><\/div><div class=\"vc_row wpb_row vc_row-fluid\"><div class=\"wpb_column vc_column_container vc_col-sm-12\"><div class=\"vc_column-inner\"><div class=\"wpb_wrapper\"><div class=\"vc_empty_space\"   style=\"height: 50px\"><span class=\"vc_empty_space_inner\"><\/span><\/div><\/div><\/div><\/div><\/div><div data-vc-full-width=\"true\" data-vc-full-width-init=\"false\" data-vc-stretch-content=\"true\" class=\"vc_row wpb_row vc_row-fluid vc_row-has-fill vc_row-no-padding vc_row-o-content-middle vc_row-flex\"><div class=\"wpb_column vc_column_container vc_col-sm-6\"><div class=\"vc_column-inner\"><div class=\"wpb_wrapper\">\n\t<div class=\"wpb_raw_code wpb_raw_html wpb_content_element\" >\n\t\t<div class=\"wpb_wrapper\">\n\t\t\t<style>\n  .image-container {\n    position: relative;\n    width: 100%;\n    height: 500px; \/* Adjust height as needed *\/\n    display: flex;\n    justify-content: space-between; \/* Distribute space between items *\/\n    align-items: flex-start;\n    padding: 0;\n    margin: 0;\n    box-sizing: border-box;\n  }\n\n  .left-image-wrapper {\n    position: relative;\n    width: 65%; \/* Adjust as needed for the larger image *\/\n    height: 100%;\n    overflow: hidden; \/* Ensures image doesn't overflow its container *\/\n    margin-left: 60px;\n  }\n\n  .right-image-wrapper {\n    position: absolute;\n    top: 50%;\n    left: calc(58% - 0px); \/* Video row'un soluna g\u00f6re hesapland\u0131 *\/\n    transform: translateY(-50%);\n    width: 35%;\n    z-index: 2;\n    border-radius: 20px;\n  }\n\n  .image-container img {\n    width: 100%;\n    height: 100%;\n    object-fit: cover; \/* Ensures images cover their containers without distortion *\/\n    border-radius: 16px; \/* Apply border-radius to both images *\/\n  }\n\n  \/* Specific styling for the small image within its wrapper *\/\n  .right-image-wrapper img {\n    height: auto; \/* Override to allow natural height for the smaller image *\/\n  }\n\n  @media (max-width: 768px) {\n    .image-container {\n      flex-direction: column; \/* Stack images vertically on smaller screens *\/\n      height: auto; \/* Allow height to adjust *\/\n    }\n\n    .left-image-wrapper {\n      width: 100%; \/* Full width for both images *\/\n      height: auto; \/* Auto height for both images *\/\n      margin: 10px 0; \/* Add some vertical margin *\/\n    }\n    \n    .right-image-wrapper {\n      max-width: 40%; \/* Full width for both images *\/\n      height: auto; \/* Auto height for both images *\/\n      margin: 10px 0; \/* Add some vertical margin *\/\n    }\n\n    .image-container img {\n      border-radius: 8px; \/* Smaller border-radius on mobile *\/\n    }\n  }\n<\/style>\n\n<div class=\"image-container\">\n  <div class=\"left-image-wrapper\">\n    <img decoding=\"async\" src=\"https:\/\/istmarinfuel.com\/wp-content\/uploads\/2025\/07\/aerka.jpg\" alt=\"Left Image\">\n  <\/div>\n  <div class=\"right-image-wrapper\">\n    <img decoding=\"async\" src=\"https:\/\/istmarinfuel.com\/wp-content\/uploads\/2025\/07\/oil-barrel.png\" alt=\"Right Image\">\n  <\/div>\n<\/div>\n\n\t\t<\/div>\n\t<\/div>\n<\/div><\/div><\/div><div class=\"wpb_column vc_column_container vc_col-sm-6\"><div class=\"vc_column-inner vc_custom_1751971019960\"><div class=\"wpb_wrapper\">\n\t<div class=\"wpb_text_column wpb_content_element\" >\n\t\t<div class=\"wpb_wrapper\">\n\t\t\t<p>Our marine lubricant supply and distribution operations are designed for maximum efficiency \u2014 safe, swift, and uninterrupted<\/p>\n\n\t\t<\/div>\n\t<\/div>\n<\/div><\/div><\/div><\/div><div class=\"vc_row-full-width vc_clearfix\"><\/div><div class=\"vc_row wpb_row vc_row-fluid\"><div class=\"wpb_column vc_column_container vc_col-sm-12\"><div class=\"vc_column-inner\"><div class=\"wpb_wrapper\"><div class=\"vc_empty_space\"   style=\"height: 50px\"><span class=\"vc_empty_space_inner\"><\/span><\/div><\/div><\/div><\/div><\/div><div class=\"vc_row wpb_row vc_row-fluid\"><div class=\"wpb_column vc_column_container vc_col-sm-12\"><div class=\"vc_column-inner\"><div class=\"wpb_wrapper\"><div class=\"vc_empty_space\"   style=\"height: 50px\"><span class=\"vc_empty_space_inner\"><\/span><\/div><\/div><\/div><\/div><\/div><div style=\"min-height: 250px\" data-vc-full-width=\"true\" data-vc-full-width-init=\"false\" class=\"vc_row wpb_row vc_row-fluid vc_custom_1752058738197 vc_row-has-fill vc_row-o-content-middle vc_row-flex\"><div class=\"wpb_column vc_column_container vc_col-sm-12\"><div class=\"vc_column-inner\"><div class=\"wpb_wrapper\">\n\t<div class=\"wpb_text_column wpb_content_element\" >\n\t\t<div class=\"wpb_wrapper\">\n\t\t\t<div id=\"bgLayers_comp-ktix7j00\" class=\"MW5IWV\" data-hook=\"bgLayers\" data-motion-part=\"BG_LAYER comp-ktix7j00\">\n<h4 id=\"bgMedia_comp-ktix7j00\" class=\"VgO9Yg\" style=\"color: white; text-align: center;\" data-motion-part=\"BG_MEDIA comp-ktix7j00\">We ensure the safe, fast, and uninterrupted supply and distribution of marine lubricants.<\/h4>\n<\/div>\n\n\t\t<\/div>\n\t<\/div>\n<\/div><\/div><\/div><\/div><div class=\"vc_row-full-width vc_clearfix\"><\/div>\n<\/div>","protected":false},"excerpt":{"rendered":"Deniz Ya\u011flar\u0131 Yeni Nesil Y\u00fcksek Performansl\u0131 Deniz Ya\u011flar\u0131 Bizi Aray\u0131n Y\u00fcksek performansl\u0131 baz ya\u011flar ve\u00a0 son teknoloji \u00fcr\u00fcn\u00fc kat\u0131klar ile \u00fcretilmi\u015f deniz ya\u011flar\u0131n\u0131n tedarikini \u00d6TV ve KDV den muaf sa\u011fl\u0131yoruz. Taray\u0131c\u0131n\u0131z video etiketini desteklemiyor. Deniz ya\u011flar\u0131 tedarik ve sat\u0131\u015f\u0131n\u0131 g\u00fcvenli, h\u0131zl\u0131 ve kesintisiz \u015fekilde ger\u00e7ekle\u015ftiriyoruz. T\u00fcm ya\u011flar sertifikal\u0131d\u0131r ve uluslararas\u0131 ISO [...]","protected":false},"author":1,"featured_media":0,"parent":0,"menu_order":3,"comment_status":"closed","ping_status":"closed","template":"tpl\/page_fullwidth.php","meta":{"footnotes":""},"class_list":["post-1804","page","type-page","status-publish","hentry"],"_links":{"self":[{"href":"https:\/\/istmarinfuel.com\/en\/wp-json\/wp\/v2\/pages\/1804","targetHints":{"allow":["GET"]}}],"collection":[{"href":"https:\/\/istmarinfuel.com\/en\/wp-json\/wp\/v2\/pages"}],"about":[{"href":"https:\/\/istmarinfuel.com\/en\/wp-json\/wp\/v2\/types\/page"}],"author":[{"embeddable":true,"href":"https:\/\/istmarinfuel.com\/en\/wp-json\/wp\/v2\/users\/1"}],"replies":[{"embeddable":true,"href":"https:\/\/istmarinfuel.com\/en\/wp-json\/wp\/v2\/comments?post=1804"}],"version-history":[{"count":24,"href":"https:\/\/istmarinfuel.com\/en\/wp-json\/wp\/v2\/pages\/1804\/revisions"}],"predecessor-version":[{"id":2331,"href":"https:\/\/istmarinfuel.com\/en\/wp-json\/wp\/v2\/pages\/1804\/revisions\/2331"}],"wp:attachment":[{"href":"https:\/\/istmarinfuel.com\/en\/wp-json\/wp\/v2\/media?parent=1804"}],"curies":[{"name":"wp","href":"https:\/\/api.w.org\/{rel}","templated":true}]}}